{"id":2,"date":"2009-08-12T13:37:25","date_gmt":"2009-08-12T16:37:25","guid":{"rendered":"http:\/\/lenidavid.com.br\/?page_id=2"},"modified":"2014-03-01T15:36:41","modified_gmt":"2014-03-01T18:36:41","slug":"about","status":"publish","type":"page","link":"https:\/\/lenidavid.com.br\/?page_id=2","title":{"rendered":"Perfil e informa\u00e7\u00f5es sobre o blog"},"content":{"rendered":"<p>&nbsp;<\/p>\n<p><a href=\"http:\/\/lenidavid.com.br\/wp-content\/uploads\/2009\/08\/EuBusto-2.jpg\"><img loading=\"lazy\" decoding=\"async\" class=\"aligncenter size-full wp-image-5431\" alt=\"EuBusto 2\" src=\"http:\/\/lenidavid.com.br\/wp-content\/uploads\/2009\/08\/EuBusto-2.jpg\" width=\"212\" height=\"210\" srcset=\"https:\/\/lenidavid.com.br\/wp-content\/uploads\/2009\/08\/EuBusto-2.jpg 212w, https:\/\/lenidavid.com.br\/wp-content\/uploads\/2009\/08\/EuBusto-2-150x150.jpg 150w\" sizes=\"auto, (max-width: 212px) 100vw, 212px\" \/><\/a><\/p>\n<p><span style=\"color: #000000;\"><strong>Quem sou eu? <\/strong><\/span>Leni<\/p>\n<p style=\"text-align: justify;\">Sou amante das artes. Gosto de ler, escrever, cantar, ouvir m\u00fasica, comer bem e de viajar. Tenho muitos amigos, todos especiais. Detesto hipocrisia, preconceito, mentira e injusti\u00e7a.<\/p>\n<p style=\"text-align: justify;\">Sou licenciada e p\u00f3s-graduada em Letras com franc\u00eas. Como professora, amo o meu trabalho e come\u00e7aria tudo outra vez, se preciso fosse&#8230;<\/p>\n<p>Ah, gosto de cozinhar!<\/p>\n<p><span style=\"color: #000000;\"><strong>Por que resolvi criar um blog<\/strong><\/span><\/p>\n<p style=\"text-align: justify;\">\u00a0As raz\u00f5es que motivam algu\u00e9m a criar e a manter um <em>blog<\/em> s\u00e3o v\u00e1rias. Entrei na blogosfera sem nenhuma experi\u00eancia e sem nenhuma ideia precisa do que um blog representava na vida de uma pessoa. Certo dia conversava ao telefone com a minha filha, que mora em outra cidade e comecei a me queixar da aus\u00eancia de comunica\u00e7\u00e3o, apesar de todos os avan\u00e7os da tecnologia e da expans\u00e3o da internet, quando ela sugeriu que eu criasse um blog. Tomei coragem e criei o meu primeiro bloguinho, em 04 de fevereiro de 2008, sem assumir totalmente a minha identidade, por timidez. Motivada pelos coment\u00e1rios e pelo incentivo de pessoas que n\u00e3o me conheciam, continuei a empreitada.<\/p>\n<p style=\"text-align: justify;\">\u00a0<span style=\"color: #000000;\"><strong>Qual a minha motiva\u00e7\u00e3o em manter um blog?<\/strong><\/span><\/p>\n<p style=\"text-align: justify;\">\u00c0s vezes me pego escrevendo coisas que n\u00e3o interessam a ningu\u00e9m, mas fa\u00e7o isso por puro prazer. Tenho dezenas de classificadores abarrotados de escritos que guardei ao longo do tempo, mas quando os procuro, nem sempre os encontro.\u00a0O blog me permite organizar este universo, pois tudo fica registrado num s\u00f3 espa\u00e7o e \u00e0 medida em que ele vai caminhando, muitas coisas importantes s\u00e3o repertoriadas, salvas, enquanto outras v\u00e3o para o lixo. Al\u00e9m disso, as publica\u00e7\u00f5es de v\u00e1rios autores que registro aqui s\u00e3o importantes para mim, tanto pelo valor est\u00e9tico e liter\u00e1rio, quanto pelo valor afetivo.<\/p>\n<p style=\"text-align: justify;\"><strong>O blog tornou-se um companheiro.<\/strong> Sou daquelas pessoas que gostam de compartilhar experi\u00eancias; al\u00e9m disso, posso externar minha opini\u00e3o, mostrar fotos, obras de arte, cr\u00f4nicas e poemas. Assim posso estabelecer um di\u00e1logo com aqueles que se identificam comigo e com as coisas que publico, de outros autores, ou da minha autoria. Leio os coment\u00e1rios, aceito sugest\u00f5es, aceito colabora\u00e7\u00f5es e respondo a todos. Tamb\u00e9m divulgo eventos e livros de forma espont\u00e2nea, sem nenhum interesse financeiro.<\/p>\n<p style=\"text-align: justify;\"><strong>Tamb\u00e9m aprendi que um <em>blog<\/em> \u00e9 uma ferramenta poderosa<\/strong> e que por isso deve ser manuseada com muito cuidado. Ela me d\u00e1 o direito de dizer o que penso, mas \u00e9 preciso n\u00e3o esquecer que a \u00e9tica e a sensatez devem estar em primeiro plano. No <em>blog<\/em> pode-se criticar, sem ofender; pode-se discordar, sem agredir. Pode-se elogiar, sem paparicar. Pode-se denunciar de maneira respons\u00e1vel. Al\u00e9m disso, pode-se defender pontos de vista, sem a pretens\u00e3o de ser o dono da raz\u00e3o. O <em>blog<\/em> permite tirar do anonimato pessoas que realizaram coisas relevantes \u2013 artes\u00e3os e artistas populares \u2013 homenagear artistas consagrados, ou n\u00e3o, \u00a0al\u00e9m de ser um lugar onde se pode contar hist\u00f3rias.<\/p>\n<p style=\"text-align: justify;\"><strong>O blog tamb\u00e9m funciona como um laborat\u00f3rio<\/strong> e at\u00e9 mesmo como uma biblioteca particular, bem heterog\u00eanea, onde posso testar e organizar um acervo valioso, para o meu deleite e dos leitores que se interessarem. Quando escrevo na tela em branco do computador, n\u00e3o me sinto sozinha comigo mesma. Fico sempre imaginando a rea\u00e7\u00e3o das pessoas diante dos <em>posts<\/em>. Imagino se aquilo que vou publicar vai agradar, ou n\u00e3o, aos leitores; mas permane\u00e7o l\u00facida, pois a vida real \u00e9 l\u00e1 fora e segue seu curso independente da minha vontade. Assim, considero esse espa\u00e7o apenas como um intervalo l\u00fadico, agrad\u00e1vel e descontra\u00eddo, onde posso repertoriar coisas que aprecio.<\/p>\n<p style=\"text-align: justify;\"><strong><span style=\"color: #ff6600;\">\u00a0<span style=\"color: #000000;\">Para que serve um blog?<\/span><\/span><\/strong><\/p>\n<p style=\"text-align: justify;\"><strong>Um <em>blog<\/em> pode ter v\u00e1rias fun\u00e7\u00f5es<\/strong>. A mania de \u201cblogar\u201d foi adotada por escritores, cantores, artistas pl\u00e1sticos, profissionais liberais e jornalistas, como instrumento de divulga\u00e7\u00e3o de ideias. Um <em>blog<\/em> permite que o seu autor divulgue trabalhos t\u00e9cnicos ou liter\u00e1rios, analise e discuta assuntos do seu interesse e da sua comunidade, de maneira descontra\u00edda e informal. Um <em>blog<\/em> pode ser utilizado para publicar propagandas, para divulgar eventos de diversas naturezas e, sobretudo, permite ao seu autor de selecionar os seus interesses atrav\u00e9s de publica\u00e7\u00f5es que n\u00e3o teriam espa\u00e7o em outros meios de comunica\u00e7\u00e3o. Um <em>blog<\/em> pode funcionar como instrumento de divulga\u00e7\u00e3o cultural, como notici\u00e1rio ou boletim de an\u00e1lise pol\u00edtica.<\/p>\n<p style=\"text-align: justify;\"><strong>H\u00e1 quem utilize o blog como terapia<\/strong>. Alguns escrevem sobre o que sentem, ou sobre o que sofrem ou sofreram; contam hist\u00f3rias de vida que n\u00e3o teriam coragem de contar de viva voz. Outros preferem falar da vida de pessoa<strong> <\/strong>famosas, ou publicar receitas de comidas, triviais ou ex\u00f3ticas. H\u00e1 ainda aqueles que escrevendo como profissionais e com conhecimento de causa \u2013 psic\u00f3logos, m\u00e9dicos, advogados\u00a0&#8211; ajudam outros a entenderem melhor seus pr\u00f3prios problemas. Enfim, h\u00e1 aqueles que se dedicam a comentar filmes e o fazem com tanta propriedade, que se tornam verdadeiros guias. H\u00e1 os que falam de decora\u00e7\u00e3o, de fotografia, de animais, de flores, de religi\u00e3o e de ecologia. A lista seria imensa e eu correria o risco de esquecer alguns itens. Todos t\u00eam liberdade de escrever e comentar sobre assuntos diversos. E quando algu\u00e9m cria um <em>blog<\/em>, creio que o faz por alguma raz\u00e3o. Logo, para mim um blog \u00e9 um grande ba\u00fa onde ficam os\u00a0meus guardados; \u00e9, tamb\u00e9m, \u00a0uma v\u00e1lvula de escape e \u00a0um espa\u00e7o que administro com muito prazer e alegria.<\/p>\n<p style=\"text-align: justify;\">Ah, o Ba\u00fa \u00e9 meu, mas a princesa \u00e9 a cidade onde nasci, Feira de Santana, a &#8220;Princesa do Sert\u00e3o&#8221;.<\/p>\n<p style=\"padding-left: 90px;\">\u00a0\u00a0\u00a0\u00a0\u00a0\u00a0\u00a0\u00a0\u00a0\u00a0\u00a0\u00a0\u00a0\u00a0\u00a0\u00a0\u00a0\u00a0\u00a0\u00a0\u00a0\u00a0\u00a0\u00a0\u00a0\u00a0\u00a0\u00a0\u00a0\u00a0\u00a0\u00a0\u00a0\u00a0\u00a0\u00a0 \u00a0<em>Leni David<\/em><\/p>\n<p>Contato: <a href=\"mailto:lenidavid@gmail.com\" target=\"_blank\">lenidavid@gmail.com<\/a><\/p>\n","protected":false},"excerpt":{"rendered":"<p>&nbsp; Quem sou eu? Leni Sou amante das artes. Gosto de ler, escrever, cantar, ouvir m\u00fasica, comer bem e de viajar. Tenho muitos amigos, todos especiais. Detesto hipocrisia, preconceito, mentira e injusti\u00e7a. Sou licenciada e p\u00f3s-graduada em Letras com franc\u00eas. &hellip; <a href=\"https:\/\/lenidavid.com.br\/?page_id=2\">Continue lendo <span class=\"meta-nav\">&rarr;<\/span><\/a><\/p>\n","protected":false},"author":1,"featured_media":0,"parent":0,"menu_order":0,"comment_status":"closed","ping_status":"closed","template":"","meta":{"footnotes":""},"class_list":["post-2","page","type-page","status-publish","hentry"],"_links":{"self":[{"href":"https:\/\/lenidavid.com.br\/index.php?rest_route=\/wp\/v2\/pages\/2","targetHints":{"allow":["GET"]}}],"collection":[{"href":"https:\/\/lenidavid.com.br\/index.php?rest_route=\/wp\/v2\/pages"}],"about":[{"href":"https:\/\/lenidavid.com.br\/index.php?rest_route=\/wp\/v2\/types\/page"}],"author":[{"embeddable":true,"href":"https:\/\/lenidavid.com.br\/index.php?rest_route=\/wp\/v2\/users\/1"}],"replies":[{"embeddable":true,"href":"https:\/\/lenidavid.com.br\/index.php?rest_route=%2Fwp%2Fv2%2Fcomments&post=2"}],"version-history":[{"count":20,"href":"https:\/\/lenidavid.com.br\/index.php?rest_route=\/wp\/v2\/pages\/2\/revisions"}],"predecessor-version":[{"id":5432,"href":"https:\/\/lenidavid.com.br\/index.php?rest_route=\/wp\/v2\/pages\/2\/revisions\/5432"}],"wp:attachment":[{"href":"https:\/\/lenidavid.com.br\/index.php?rest_route=%2Fwp%2Fv2%2Fmedia&parent=2"}],"curies":[{"name":"wp","href":"https:\/\/api.w.org\/{rel}","templated":true}]}}